
{"id":753,"date":"2017-03-20T13:32:02","date_gmt":"2017-03-20T12:32:02","guid":{"rendered":"http:\/\/www.gonzalezpintores.com\/qui-som\/"},"modified":"2017-04-06T13:06:52","modified_gmt":"2017-04-06T12:06:52","slug":"qui-som","status":"publish","type":"page","link":"https:\/\/gonzalezpintores.com\/ca\/qui-som\/","title":{"rendered":"Qui som"},"content":{"rendered":"\n<style type=\"text\/css\" data-created_by=\"avia_inline_auto\" id=\"style-css-av-av_section-562d6d3fe92b231175dd186c06eb3f78\">\n.avia-section.av-av_section-562d6d3fe92b231175dd186c06eb3f78{\nbackground-color:#9b9695;\nbackground-image:url(https:\/\/gonzalezpintores.com\/wp-content\/uploads\/2014\/08\/Banner-495x400.jpg);\nbackground-repeat:no-repeat;\nbackground-position:100% 50%;\nbackground-attachment:scroll;\n}\n.avia-section.av-av_section-562d6d3fe92b231175dd186c06eb3f78 .av-extra-border-element .av-extra-border-inner{\nbackground-color:#9b9695;\n}\n<\/style>\n<div id='av_section_1'  class='avia-section av-av_section-562d6d3fe92b231175dd186c06eb3f78 main_color avia-section-default avia-no-border-styling  avia-builder-el-0  el_before_av_section  avia-builder-el-first  avia-bg-style-scroll av-arrow-down-section av-minimum-height av-minimum-height-custom av-height-custom  container_wrap sidebar_right'  data-section-bg-repeat='no-repeat' data-av_minimum_height_px='30'><div class='container av-section-cont-open' style='height:30px'><main  role=\"main\" itemprop=\"mainContentOfPage\"  class='template-page content  av-content-small alpha units'><div class='post-entry post-entry-type-page post-entry-753'><div class='entry-content-wrapper clearfix'>\n\n<style type=\"text\/css\" data-created_by=\"avia_inline_auto\" id=\"style-css-av-av_heading-863fac6a53fc4542c0d74f4a2d3cf82d\">\n#top .av-special-heading.av-av_heading-863fac6a53fc4542c0d74f4a2d3cf82d{\npadding-bottom:10px;\ncolor:#ffffff;\nfont-size:36px;\n}\nbody .av-special-heading.av-av_heading-863fac6a53fc4542c0d74f4a2d3cf82d .av-special-heading-tag .heading-char{\nfont-size:25px;\n}\n#top #wrap_all .av-special-heading.av-av_heading-863fac6a53fc4542c0d74f4a2d3cf82d .av-special-heading-tag{\nfont-size:36px;\n}\n.av-special-heading.av-av_heading-863fac6a53fc4542c0d74f4a2d3cf82d .special-heading-inner-border{\nborder-color:#ffffff;\n}\n.av-special-heading.av-av_heading-863fac6a53fc4542c0d74f4a2d3cf82d .av-subheading{\nfont-size:14px;\n}\n\n@media only screen and (min-width: 480px) and (max-width: 767px){ \n#top #wrap_all .av-special-heading.av-av_heading-863fac6a53fc4542c0d74f4a2d3cf82d .av-special-heading-tag{\nfont-size:0.8em;\n}\n}\n\n@media only screen and (max-width: 479px){ \n#top #wrap_all .av-special-heading.av-av_heading-863fac6a53fc4542c0d74f4a2d3cf82d .av-special-heading-tag{\nfont-size:0.8em;\n}\n}\n<\/style>\n<div  class='av-special-heading av-av_heading-863fac6a53fc4542c0d74f4a2d3cf82d av-special-heading-h1 custom-color-heading blockquote modern-quote  avia-builder-el-1  avia-builder-el-no-sibling  av-inherit-size'><h1 class='av-special-heading-tag '  itemprop=\"headline\"  >Qui som<\/h1><div class='av_custom_color av-subheading av-subheading_below'><p>Especialistes en Ind\u00fastria qu\u00edmica, Ind\u00fastria farmac\u00e8utica, Ind\u00fastria aliment\u00e0ria, Log\u00edstica magatzems, Manteniment industrial, &#8230;<\/p>\n<\/div><div class=\"special-heading-border\"><div class=\"special-heading-inner-border\"><\/div><\/div><\/div>\n\n<\/div><\/div><\/main><!-- close content main element --><\/div><div class='av-extra-border-element border-extra-arrow-down'><div class='av-extra-border-outer'><div class='av-extra-border-inner'><\/div><\/div><\/div><\/div>\n<style type=\"text\/css\" data-created_by=\"avia_inline_auto\" id=\"style-css-av-av_section-2dabf87a5deaa13a7b43b1b9040eba12\">\n.avia-section.av-av_section-2dabf87a5deaa13a7b43b1b9040eba12 .av-extra-border-element .av-extra-border-inner{\nbackground-color:#ffffff;\n}\n<\/style>\n<div id='av_section_2'  class='avia-section av-av_section-2dabf87a5deaa13a7b43b1b9040eba12 main_color avia-section-large avia-no-border-styling  avia-builder-el-2  el_after_av_section  el_before_av_section  avia-bg-style-scroll av-arrow-down-section container_wrap sidebar_right'  ><div class='container av-section-cont-open' ><div class='template-page content  av-content-small alpha units'><div class='post-entry post-entry-type-page post-entry-753'><div class='entry-content-wrapper clearfix'>\n<div  class='flex_column av-av_one_fifth-2a9015ff38129c418a3f2eafba3e9512 av_one_fifth  avia-builder-el-3  el_before_av_two_fifth  avia-builder-el-first  first flex_column_div  '     ><style type=\"text\/css\" data-created_by=\"avia_inline_auto\" id=\"style-css-av-av_image-824b2043c0b3daf4e047faf25e4bb08b\">\n.avia-image-container.av-av_image-824b2043c0b3daf4e047faf25e4bb08b img.avia_image{\nbox-shadow:none;\n}\n.avia-image-container.av-av_image-824b2043c0b3daf4e047faf25e4bb08b .av-image-caption-overlay-center{\ncolor:#ffffff;\n}\n<\/style>\n<div  class='avia-image-container av-av_image-824b2043c0b3daf4e047faf25e4bb08b av-styling- avia_animated_image av-animated-when-visible-95 pop-up avia-align-center  avia-builder-el-4  avia-builder-el-no-sibling '   itemprop=\"image\" itemscope=\"itemscope\" itemtype=\"https:\/\/schema.org\/ImageObject\" ><div class=\"avia-image-container-inner\"><div class=\"avia-image-overlay-wrap\"><img decoding=\"async\" fetchpriority=\"high\" class='wp-image-3108 avia-img-lazy-loading-not-3108 avia_image ' src=\"https:\/\/gonzalezpintores.com\/wp-content\/uploads\/2017\/04\/Logo_ico.png\" alt='' title='Logo_ico'  height=\"300\" width=\"300\"  itemprop=\"thumbnailUrl\" srcset=\"https:\/\/gonzalezpintores.com\/wp-content\/uploads\/2017\/04\/Logo_ico.png 300w, https:\/\/gonzalezpintores.com\/wp-content\/uploads\/2017\/04\/Logo_ico-80x80.png 80w, https:\/\/gonzalezpintores.com\/wp-content\/uploads\/2017\/04\/Logo_ico-36x36.png 36w, https:\/\/gonzalezpintores.com\/wp-content\/uploads\/2017\/04\/Logo_ico-180x180.png 180w, https:\/\/gonzalezpintores.com\/wp-content\/uploads\/2017\/04\/Logo_ico-120x120.png 120w\" sizes=\"(max-width: 300px) 100vw, 300px\" \/><\/div><\/div><\/div><\/div>\n<style type=\"text\/css\" data-created_by=\"avia_inline_auto\" id=\"style-css-av-av_two_fifth-9c1d454dc06f7247226bc4e8f931daae\">\n.flex_column.av-av_two_fifth-9c1d454dc06f7247226bc4e8f931daae{\nborder-radius:0px 0px 0px 0px;\npadding:0px 0px 0px 0px;\n}\n<\/style>\n<div  class='flex_column av-av_two_fifth-9c1d454dc06f7247226bc4e8f931daae av_two_fifth  avia-builder-el-5  el_after_av_one_fifth  el_before_av_two_fifth  flex_column_div av-zero-column-padding  '     ><p>\n<style type=\"text\/css\" data-created_by=\"avia_inline_auto\" id=\"style-css-av-av_heading-681fc5a53bf12994be1ebab5d194b3cd\">\n#top .av-special-heading.av-av_heading-681fc5a53bf12994be1ebab5d194b3cd{\npadding-bottom:10px;\n}\nbody .av-special-heading.av-av_heading-681fc5a53bf12994be1ebab5d194b3cd .av-special-heading-tag .heading-char{\nfont-size:25px;\n}\n.av-special-heading.av-av_heading-681fc5a53bf12994be1ebab5d194b3cd .av-subheading{\nfont-size:15px;\n}\n<\/style>\n<div  class='av-special-heading av-av_heading-681fc5a53bf12994be1ebab5d194b3cd av-special-heading-h3 blockquote modern-quote  avia-builder-el-6  el_before_av_textblock  avia-builder-el-first '><h3 class='av-special-heading-tag '  itemprop=\"headline\"  >Gonz\u00e1lez Pintores, <\/h3><div class='av-subheading av-subheading_below'><p>Alguns detalls &#8230;<\/p>\n<\/div><div class=\"special-heading-border\"><div class=\"special-heading-inner-border\"><\/div><\/div><\/div><br \/>\n<section  class='av_textblock_section av-av_textblock-396ddf1f42196ca838231e61a4602801 '   itemscope=\"itemscope\" itemtype=\"https:\/\/schema.org\/CreativeWork\" ><div class='avia_textblock'  itemprop=\"text\" ><p>Especialistes en l&#8217;aplicaci\u00f3 de pintures i revestiments espec\u00edfics per a la protecci\u00f3, conservaci\u00f3 i decoraci\u00f3 d&#8217;elements en edificis, equips i instal\u00b7lacions d&#8217;obres noves i existents.<\/p>\n<p>Som la segona generaci\u00f3 dedicada a l&#8217;aplicaci\u00f3 de pintures i revestiments, la nostra experi\u00e8ncia ens ha ensenyat que \u00e9s vital que els nostres serveis s&#8217;adaptin a les necessitats de cada sector.<\/p>\n<\/div><\/section><\/p><\/div>\n<style type=\"text\/css\" data-created_by=\"avia_inline_auto\" id=\"style-css-av-av_two_fifth-9c1d454dc06f7247226bc4e8f931daae\">\n.flex_column.av-av_two_fifth-9c1d454dc06f7247226bc4e8f931daae{\nborder-radius:0px 0px 0px 0px;\npadding:0px 0px 0px 0px;\n}\n<\/style>\n<div  class='flex_column av-av_two_fifth-9c1d454dc06f7247226bc4e8f931daae av_two_fifth  avia-builder-el-8  el_after_av_two_fifth  avia-builder-el-last  flex_column_div av-zero-column-padding  '     ><p>\n<style type=\"text\/css\" data-created_by=\"avia_inline_auto\" id=\"style-css-av-av_heading-2df936bfef170d52ffd2df75f5412baa\">\n#top .av-special-heading.av-av_heading-2df936bfef170d52ffd2df75f5412baa{\npadding-bottom:10px;\n}\nbody .av-special-heading.av-av_heading-2df936bfef170d52ffd2df75f5412baa .av-special-heading-tag .heading-char{\nfont-size:25px;\n}\n.av-special-heading.av-av_heading-2df936bfef170d52ffd2df75f5412baa .av-subheading{\nfont-size:15px;\n}\n<\/style>\n<div  class='av-special-heading av-av_heading-2df936bfef170d52ffd2df75f5412baa av-special-heading-h3 blockquote modern-quote  avia-builder-el-9  el_before_av_textblock  avia-builder-el-first '><h3 class='av-special-heading-tag '  itemprop=\"headline\"  >L\u2019\u00e8xit<\/h3><div class='av-subheading av-subheading_below'><p>de Gonz\u00e1lez Pintores<\/p>\n<\/div><div class=\"special-heading-border\"><div class=\"special-heading-inner-border\"><\/div><\/div><\/div><br \/>\n<section  class='av_textblock_section av-av_textblock-396ddf1f42196ca838231e61a4602801 '   itemscope=\"itemscope\" itemtype=\"https:\/\/schema.org\/CreativeWork\" ><div class='avia_textblock'  itemprop=\"text\" ><p>Resideix en la utilitzaci\u00f3 dels sistemes i materials m\u00e9s eficients i el treball a partir de solucions innovadores i avan\u00e7ades. A m\u00e9s de la capacitat d&#8217;oferir un assessorament personal, professional i transparent; sempre amb l&#8217;afany de millorar els serveis i l&#8217;atenci\u00f3 al client.<\/p>\n<p>Els treballs es desenvolupen sobre la base de l&#8217;aplicaci\u00f3 de les normes en mat\u00e8ria PRL (Segons l&#8217;especificaci\u00f3 norma OHSAS 18001, els sistemes de GESTI\u00d3 de la QUALITAT i l&#8217;aplicaci\u00f3 de normes per a la GESTI\u00d3 MEDIAMBIENTAL) que asseguren la seguretat dels nostres empleats i de les instal\u00b7lacions en qu\u00e8 operem i el respecte al medi ambient.<\/p>\n<\/div><\/section><\/p><\/div><\/div><\/div><\/div><!-- close content main div --><\/div><div class='av-extra-border-element border-extra-arrow-down'><div class='av-extra-border-outer'><div class='av-extra-border-inner'><\/div><\/div><\/div><\/div>\n<style type=\"text\/css\" data-created_by=\"avia_inline_auto\" id=\"style-css-av-av_section-3948738f367fef94c0521162c2a80e71\">\n.avia-section.av-av_section-3948738f367fef94c0521162c2a80e71{\nbackground-color:#eaeaea;\nbackground-image:unset;\n}\n<\/style>\n<div id='av_section_3'  class='avia-section av-av_section-3948738f367fef94c0521162c2a80e71 main_color avia-section-default avia-border-extra-arrow-down avia-no-border-styling  avia-builder-el-11  el_after_av_section  avia-builder-el-last  avia-bg-style-scroll container_wrap sidebar_right'  ><div class='container av-section-cont-open' ><div class='template-page content  av-content-small alpha units'><div class='post-entry post-entry-type-page post-entry-753'><div class='entry-content-wrapper clearfix'>\n<div  class='flex_column av-av_one_third-2a9015ff38129c418a3f2eafba3e9512 av_one_third  avia-builder-el-12  el_before_av_one_third  avia-builder-el-first  first flex_column_div  '     ><div  class=\"avia-animated-number av-av_animated_numbers-5ab0c340e612e48c0a24dff743b5ccf2 av-force-default-color avia_animate_when_visible  avia-builder-el-13  avia-builder-el-no-sibling  \" data-timer=\"3000\"><strong class=\"heading avia-animated-number-title\"><span class=\"avia-no-number\">M\u00e9s de <\/span><span class=\"avia-single-number __av-single-number\" data-number_format=\"\" data-number=\"20\" data-start_from=\"0\">20<\/span><span class=\"avia-no-number\"> anys<\/span><\/strong><div class=\"avia-animated-number-content\"><p>Experi\u00e8ncia<\/p>\n<\/div><\/div><\/div>\n<style type=\"text\/css\" data-created_by=\"avia_inline_auto\" id=\"style-css-av-av_one_third-0aa7055fe62c3622faec82866afbaeb2\">\n.flex_column.av-av_one_third-0aa7055fe62c3622faec82866afbaeb2{\nborder-radius:0px 0px 0px 0px;\npadding:0px 0px 0px 0px;\n}\n<\/style>\n<div  class='flex_column av-av_one_third-0aa7055fe62c3622faec82866afbaeb2 av_one_third  avia-builder-el-14  el_after_av_one_third  el_before_av_one_third  flex_column_div av-zero-column-padding  '     ><div  class=\"avia-animated-number av-av_animated_numbers-1ad91bfce3f71fb3c063acae8f34eba8 av-force-default-color avia_animate_when_visible  avia-builder-el-15  avia-builder-el-no-sibling  \" data-timer=\"3000\"><strong class=\"heading avia-animated-number-title\"><span class=\"avia-no-number\">M\u00e9s de <\/span><span class=\"avia-single-number __av-single-number\" data-number_format=\"\" data-number=\"900\" data-start_from=\"0\">900<\/span><\/strong><div class=\"avia-animated-number-content\"><p>Clients<\/p>\n<\/div><\/div><\/div>\n<style type=\"text\/css\" data-created_by=\"avia_inline_auto\" id=\"style-css-av-av_one_third-0aa7055fe62c3622faec82866afbaeb2\">\n.flex_column.av-av_one_third-0aa7055fe62c3622faec82866afbaeb2{\nborder-radius:0px 0px 0px 0px;\npadding:0px 0px 0px 0px;\n}\n<\/style>\n<div  class='flex_column av-av_one_third-0aa7055fe62c3622faec82866afbaeb2 av_one_third  avia-builder-el-16  el_after_av_one_third  avia-builder-el-last  flex_column_div av-zero-column-padding  '     ><div  class=\"avia-animated-number av-av_animated_numbers-b0c8f410d927cb30a1a077a32052d4db av-force-default-color avia_animate_when_visible  avia-builder-el-17  avia-builder-el-no-sibling  \" data-timer=\"3000\"><strong class=\"heading avia-animated-number-title\"><span class=\"avia-no-number\">M\u00e9s de <\/span><span class=\"avia-single-number __av-single-number\" data-number_format=\"\" data-number=\"80\" data-start_from=\"0\">80<\/span><span class=\"avia-no-number\">.<\/span><span class=\"avia-single-number __av-single-number\" data-number_format=\"\" data-number=\"000\" data-start_from=\"0\">000<\/span><\/strong><div class=\"avia-animated-number-content\"><p>Hores de feina<\/p>\n<\/div><\/div><\/div>\n<\/div><\/div><\/div><!-- close content main div --><\/div><\/div><div id='after_section_3'  class='main_color av_default_container_wrap container_wrap sidebar_right'  ><div class='container av-section-cont-open' ><div class='template-page content  av-content-small alpha units'><div class='post-entry post-entry-type-page post-entry-753'><div class='entry-content-wrapper clearfix'><\/p>\n","protected":false},"excerpt":{"rendered":"","protected":false},"author":2,"featured_media":0,"parent":0,"menu_order":1,"comment_status":"open","ping_status":"closed","template":"","meta":{"_exactmetrics_skip_tracking":false,"_exactmetrics_sitenote_active":false,"_exactmetrics_sitenote_note":"","_exactmetrics_sitenote_category":0,"footnotes":""},"class_list":["post-753","page","type-page","status-publish","hentry"],"yoast_head":"<!-- This site is optimized with the Yoast SEO plugin v27.3 - https:\/\/yoast.com\/product\/yoast-seo-wordpress\/ -->\n<title>Qui som - Gonzalez Pintores<\/title>\n<meta name=\"robots\" content=\"index, follow, max-snippet:-1, max-image-preview:large, max-video-preview:-1\" \/>\n<link rel=\"canonical\" href=\"https:\/\/gonzalezpintores.com\/ca\/qui-som\/\" \/>\n<meta property=\"og:locale\" content=\"ca_ES\" \/>\n<meta property=\"og:type\" content=\"article\" \/>\n<meta property=\"og:title\" content=\"Qui som - Gonzalez Pintores\" \/>\n<meta property=\"og:url\" content=\"https:\/\/gonzalezpintores.com\/ca\/qui-som\/\" \/>\n<meta property=\"og:site_name\" content=\"Gonzalez Pintores\" \/>\n<meta property=\"article:modified_time\" content=\"2017-04-06T12:06:52+00:00\" \/>\n<meta name=\"twitter:card\" content=\"summary_large_image\" \/>\n<meta name=\"twitter:label1\" content=\"Temps estimat de lectura\" \/>\n\t<meta name=\"twitter:data1\" content=\"4 minuts\" \/>\n<script type=\"application\/ld+json\" class=\"yoast-schema-graph\">{\"@context\":\"https:\\\/\\\/schema.org\",\"@graph\":[{\"@type\":\"WebPage\",\"@id\":\"https:\\\/\\\/gonzalezpintores.com\\\/ca\\\/qui-som\\\/\",\"url\":\"https:\\\/\\\/gonzalezpintores.com\\\/ca\\\/qui-som\\\/\",\"name\":\"Qui som - Gonzalez Pintores\",\"isPartOf\":{\"@id\":\"https:\\\/\\\/gonzalezpintores.com\\\/ca\\\/#website\"},\"datePublished\":\"2017-03-20T12:32:02+00:00\",\"dateModified\":\"2017-04-06T12:06:52+00:00\",\"breadcrumb\":{\"@id\":\"https:\\\/\\\/gonzalezpintores.com\\\/ca\\\/qui-som\\\/#breadcrumb\"},\"inLanguage\":\"ca\",\"potentialAction\":[{\"@type\":\"ReadAction\",\"target\":[\"https:\\\/\\\/gonzalezpintores.com\\\/ca\\\/qui-som\\\/\"]}]},{\"@type\":\"BreadcrumbList\",\"@id\":\"https:\\\/\\\/gonzalezpintores.com\\\/ca\\\/qui-som\\\/#breadcrumb\",\"itemListElement\":[{\"@type\":\"ListItem\",\"position\":1,\"name\":\"Portada\",\"item\":\"https:\\\/\\\/gonzalezpintores.com\\\/ca\\\/\"},{\"@type\":\"ListItem\",\"position\":2,\"name\":\"Qui som\"}]},{\"@type\":\"WebSite\",\"@id\":\"https:\\\/\\\/gonzalezpintores.com\\\/ca\\\/#website\",\"url\":\"https:\\\/\\\/gonzalezpintores.com\\\/ca\\\/\",\"name\":\"Gonzalez Pintores\",\"description\":\"Aplicadores de pintura y revestimiento\",\"potentialAction\":[{\"@type\":\"SearchAction\",\"target\":{\"@type\":\"EntryPoint\",\"urlTemplate\":\"https:\\\/\\\/gonzalezpintores.com\\\/ca\\\/?s={search_term_string}\"},\"query-input\":{\"@type\":\"PropertyValueSpecification\",\"valueRequired\":true,\"valueName\":\"search_term_string\"}}],\"inLanguage\":\"ca\"}]}<\/script>\n<!-- \/ Yoast SEO plugin. -->","yoast_head_json":{"title":"Qui som - Gonzalez Pintores","robots":{"index":"index","follow":"follow","max-snippet":"max-snippet:-1","max-image-preview":"max-image-preview:large","max-video-preview":"max-video-preview:-1"},"canonical":"https:\/\/gonzalezpintores.com\/ca\/qui-som\/","og_locale":"ca_ES","og_type":"article","og_title":"Qui som - Gonzalez Pintores","og_url":"https:\/\/gonzalezpintores.com\/ca\/qui-som\/","og_site_name":"Gonzalez Pintores","article_modified_time":"2017-04-06T12:06:52+00:00","twitter_card":"summary_large_image","twitter_misc":{"Temps estimat de lectura":"4 minuts"},"schema":{"@context":"https:\/\/schema.org","@graph":[{"@type":"WebPage","@id":"https:\/\/gonzalezpintores.com\/ca\/qui-som\/","url":"https:\/\/gonzalezpintores.com\/ca\/qui-som\/","name":"Qui som - Gonzalez Pintores","isPartOf":{"@id":"https:\/\/gonzalezpintores.com\/ca\/#website"},"datePublished":"2017-03-20T12:32:02+00:00","dateModified":"2017-04-06T12:06:52+00:00","breadcrumb":{"@id":"https:\/\/gonzalezpintores.com\/ca\/qui-som\/#breadcrumb"},"inLanguage":"ca","potentialAction":[{"@type":"ReadAction","target":["https:\/\/gonzalezpintores.com\/ca\/qui-som\/"]}]},{"@type":"BreadcrumbList","@id":"https:\/\/gonzalezpintores.com\/ca\/qui-som\/#breadcrumb","itemListElement":[{"@type":"ListItem","position":1,"name":"Portada","item":"https:\/\/gonzalezpintores.com\/ca\/"},{"@type":"ListItem","position":2,"name":"Qui som"}]},{"@type":"WebSite","@id":"https:\/\/gonzalezpintores.com\/ca\/#website","url":"https:\/\/gonzalezpintores.com\/ca\/","name":"Gonzalez Pintores","description":"Aplicadores de pintura y revestimiento","potentialAction":[{"@type":"SearchAction","target":{"@type":"EntryPoint","urlTemplate":"https:\/\/gonzalezpintores.com\/ca\/?s={search_term_string}"},"query-input":{"@type":"PropertyValueSpecification","valueRequired":true,"valueName":"search_term_string"}}],"inLanguage":"ca"}]}},"_links":{"self":[{"href":"https:\/\/gonzalezpintores.com\/ca\/wp-json\/wp\/v2\/pages\/753","targetHints":{"allow":["GET"]}}],"collection":[{"href":"https:\/\/gonzalezpintores.com\/ca\/wp-json\/wp\/v2\/pages"}],"about":[{"href":"https:\/\/gonzalezpintores.com\/ca\/wp-json\/wp\/v2\/types\/page"}],"author":[{"embeddable":true,"href":"https:\/\/gonzalezpintores.com\/ca\/wp-json\/wp\/v2\/users\/2"}],"replies":[{"embeddable":true,"href":"https:\/\/gonzalezpintores.com\/ca\/wp-json\/wp\/v2\/comments?post=753"}],"version-history":[{"count":0,"href":"https:\/\/gonzalezpintores.com\/ca\/wp-json\/wp\/v2\/pages\/753\/revisions"}],"wp:attachment":[{"href":"https:\/\/gonzalezpintores.com\/ca\/wp-json\/wp\/v2\/media?parent=753"}],"curies":[{"name":"wp","href":"https:\/\/api.w.org\/{rel}","templated":true}]}}