
{"id":798,"date":"2017-03-24T14:52:03","date_gmt":"2017-03-24T13:52:03","guid":{"rendered":"http:\/\/www.gonzalezpintores.com\/sectors\/"},"modified":"2017-04-07T10:58:20","modified_gmt":"2017-04-07T09:58:20","slug":"sectors","status":"publish","type":"page","link":"https:\/\/gonzalezpintores.com\/ca\/sectors\/","title":{"rendered":"Sectors"},"content":{"rendered":"\n<style type=\"text\/css\" data-created_by=\"avia_inline_auto\" id=\"style-css-av-av_section-680a34837b2e3e959149c51b000a3476\">\n.avia-section.av-av_section-680a34837b2e3e959149c51b000a3476{\nbackground-color:#9b9695;\nbackground-image:url(https:\/\/gonzalezpintores.com\/wp-content\/uploads\/2014\/08\/Banner-495x400.jpg);\nbackground-repeat:no-repeat;\nbackground-position:100% 50%;\nbackground-attachment:scroll;\n}\n.avia-section.av-av_section-680a34837b2e3e959149c51b000a3476 .av-extra-border-element .av-extra-border-inner{\nbackground-color:#9b9695;\n}\n<\/style>\n<div id='av_section_1'  class='avia-section av-av_section-680a34837b2e3e959149c51b000a3476 main_color avia-section-default avia-no-border-styling  avia-builder-el-0  el_before_av_section  avia-builder-el-first  avia-bg-style-scroll av-arrow-down-section av-minimum-height av-minimum-height-custom av-height-custom  container_wrap sidebar_right'  data-section-bg-repeat='no-repeat' data-av_minimum_height_px='30'><div class='container av-section-cont-open' style='height:30px'><main  role=\"main\" itemprop=\"mainContentOfPage\"  class='template-page content  av-content-small alpha units'><div class='post-entry post-entry-type-page post-entry-798'><div class='entry-content-wrapper clearfix'>\n\n<style type=\"text\/css\" data-created_by=\"avia_inline_auto\" id=\"style-css-av-av_heading-f96383fd07cce893fcf1f0b45465e8fa\">\n#top .av-special-heading.av-av_heading-f96383fd07cce893fcf1f0b45465e8fa{\npadding-bottom:10px;\ncolor:#ffffff;\nfont-size:36px;\n}\nbody .av-special-heading.av-av_heading-f96383fd07cce893fcf1f0b45465e8fa .av-special-heading-tag .heading-char{\nfont-size:25px;\n}\n#top #wrap_all .av-special-heading.av-av_heading-f96383fd07cce893fcf1f0b45465e8fa .av-special-heading-tag{\nfont-size:36px;\n}\n.av-special-heading.av-av_heading-f96383fd07cce893fcf1f0b45465e8fa .special-heading-inner-border{\nborder-color:#ffffff;\n}\n.av-special-heading.av-av_heading-f96383fd07cce893fcf1f0b45465e8fa .av-subheading{\nfont-size:14px;\n}\n\n@media only screen and (min-width: 480px) and (max-width: 767px){ \n#top #wrap_all .av-special-heading.av-av_heading-f96383fd07cce893fcf1f0b45465e8fa .av-special-heading-tag{\nfont-size:0.8em;\n}\n}\n\n@media only screen and (max-width: 479px){ \n#top #wrap_all .av-special-heading.av-av_heading-f96383fd07cce893fcf1f0b45465e8fa .av-special-heading-tag{\nfont-size:0.8em;\n}\n}\n<\/style>\n<div  class='av-special-heading av-av_heading-f96383fd07cce893fcf1f0b45465e8fa av-special-heading-h4 custom-color-heading blockquote modern-quote  avia-builder-el-1  avia-builder-el-no-sibling  av-inherit-size'><h4 class='av-special-heading-tag '  itemprop=\"headline\"  >Sectors<\/h4><div class='av_custom_color av-subheading av-subheading_below'><p>Especialistes en Ind\u00fastria qu\u00edmica, Ind\u00fastria farmac\u00e8utica, Ind\u00fastria aliment\u00e0ria, Log\u00edstica magatzems, Manteniment industrial, &#8230;<\/p>\n<\/div><div class=\"special-heading-border\"><div class=\"special-heading-inner-border\"><\/div><\/div><\/div>\n\n<\/div><\/div><\/main><!-- close content main element --><\/div><div class='av-extra-border-element border-extra-arrow-down'><div class='av-extra-border-outer'><div class='av-extra-border-inner'><\/div><\/div><\/div><\/div>\n<style type=\"text\/css\" data-created_by=\"avia_inline_auto\" id=\"style-css-av-av_section-2dabf87a5deaa13a7b43b1b9040eba12\">\n.avia-section.av-av_section-2dabf87a5deaa13a7b43b1b9040eba12 .av-extra-border-element .av-extra-border-inner{\nbackground-color:#ffffff;\n}\n<\/style>\n<div id='av_section_2'  class='avia-section av-av_section-2dabf87a5deaa13a7b43b1b9040eba12 main_color avia-section-large avia-no-border-styling  avia-builder-el-2  el_after_av_section  el_before_av_section  avia-bg-style-scroll av-arrow-down-section container_wrap sidebar_right'  ><div class='container av-section-cont-open' ><div class='template-page content  av-content-small alpha units'><div class='post-entry post-entry-type-page post-entry-798'><div class='entry-content-wrapper clearfix'>\n\n<style type=\"text\/css\" data-created_by=\"avia_inline_auto\" id=\"style-css-av-av_one_third-9497bbf8bff73ea4c6992cc17fa9ec36\">\n.flex_column.av-av_one_third-9497bbf8bff73ea4c6992cc17fa9ec36{\nborder-radius:0px 0px 0px 0px;\npadding:0px 0px 0px 0px;\n}\n<\/style>\n<div  class='flex_column av-av_one_third-9497bbf8bff73ea4c6992cc17fa9ec36 av_one_third  avia-builder-el-3  el_before_av_one_third  avia-builder-el-first  first flex_column_div av-zero-column-padding  '     ><p>\n<style type=\"text\/css\" data-created_by=\"avia_inline_auto\" id=\"style-css-av-av_heading-d4c8896b4137295a01366416bd75f235\">\n#top .av-special-heading.av-av_heading-d4c8896b4137295a01366416bd75f235{\npadding-bottom:10px;\n}\nbody .av-special-heading.av-av_heading-d4c8896b4137295a01366416bd75f235 .av-special-heading-tag .heading-char{\nfont-size:25px;\n}\n.av-special-heading.av-av_heading-d4c8896b4137295a01366416bd75f235 .av-subheading{\nfont-size:15px;\n}\n<\/style>\n<div  class='av-special-heading av-av_heading-d4c8896b4137295a01366416bd75f235 av-special-heading-h3 blockquote modern-quote  avia-builder-el-4  el_before_av_textblock  avia-builder-el-first '><h3 class='av-special-heading-tag '  itemprop=\"headline\"  >Ind\u00fastria qu\u00edmica<\/h3><div class=\"special-heading-border\"><div class=\"special-heading-inner-border\"><\/div><\/div><\/div><br \/>\n<section  class='av_textblock_section av-av_textblock-0366cc7376be6c9e82a3e9cc8987b64f '   itemscope=\"itemscope\" itemtype=\"https:\/\/schema.org\/CreativeWork\" ><div class='avia_textblock'  itemprop=\"text\" ><p>Apliquem pintures i revestiments en el sector qu\u00edmic. La nostra principal preocupaci\u00f3 \u00e9s la seguretat. La cura al m\u00ednim detall per treballar a la ind\u00fastria qu\u00edmica i la utilitzaci\u00f3 de productes especialitzats i adequats en cada cas, juntament amb el personal expert amb qu\u00e8 comptem, asseguren que la protecci\u00f3 i conservaci\u00f3 es realitzin sense cap tipus de risc.<\/p>\n<\/div><\/section><\/p><\/div>\n<style type=\"text\/css\" data-created_by=\"avia_inline_auto\" id=\"style-css-av-av_one_third-9c1d454dc06f7247226bc4e8f931daae\">\n.flex_column.av-av_one_third-9c1d454dc06f7247226bc4e8f931daae{\nborder-radius:0px 0px 0px 0px;\npadding:0px 0px 0px 0px;\n}\n<\/style>\n<div  class='flex_column av-av_one_third-9c1d454dc06f7247226bc4e8f931daae av_one_third  avia-builder-el-6  el_after_av_one_third  el_before_av_one_third  flex_column_div av-zero-column-padding  '     ><p>\n<style type=\"text\/css\" data-created_by=\"avia_inline_auto\" id=\"style-css-av-av_heading-3ad5bc0b6b0c94f361fcbb7f1f2a985b\">\n#top .av-special-heading.av-av_heading-3ad5bc0b6b0c94f361fcbb7f1f2a985b{\npadding-bottom:10px;\n}\nbody .av-special-heading.av-av_heading-3ad5bc0b6b0c94f361fcbb7f1f2a985b .av-special-heading-tag .heading-char{\nfont-size:25px;\n}\n.av-special-heading.av-av_heading-3ad5bc0b6b0c94f361fcbb7f1f2a985b .av-subheading{\nfont-size:15px;\n}\n<\/style>\n<div  class='av-special-heading av-av_heading-3ad5bc0b6b0c94f361fcbb7f1f2a985b av-special-heading-h3 blockquote modern-quote  avia-builder-el-7  el_before_av_textblock  avia-builder-el-first '><h3 class='av-special-heading-tag '  itemprop=\"headline\"  >Ind\u00fastria farmac\u00e8utica<\/h3><div class=\"special-heading-border\"><div class=\"special-heading-inner-border\"><\/div><\/div><\/div><br \/>\n<section  class='av_textblock_section av-av_textblock-396ddf1f42196ca838231e61a4602801 '   itemscope=\"itemscope\" itemtype=\"https:\/\/schema.org\/CreativeWork\" ><div class='avia_textblock'  itemprop=\"text\" ><p>Treballem en el sector farmac\u00e8utic realitzant aplicacions de pintures i revestiments. El nostre principal objectiu en aquest cas \u00e9s assegurar el bon estat de les instal\u00b7lacions i mantenir-les higi\u00e8niques al 100% durant el proc\u00e9s de treball i un cop finalitzat.<\/p>\n<\/div><\/section><\/p><\/div>\n<style type=\"text\/css\" data-created_by=\"avia_inline_auto\" id=\"style-css-av-av_one_third-9c1d454dc06f7247226bc4e8f931daae\">\n.flex_column.av-av_one_third-9c1d454dc06f7247226bc4e8f931daae{\nborder-radius:0px 0px 0px 0px;\npadding:0px 0px 0px 0px;\n}\n<\/style>\n<div  class='flex_column av-av_one_third-9c1d454dc06f7247226bc4e8f931daae av_one_third  avia-builder-el-9  el_after_av_one_third  el_before_av_one_half  flex_column_div av-zero-column-padding  '     ><p>\n<style type=\"text\/css\" data-created_by=\"avia_inline_auto\" id=\"style-css-av-av_heading-938866310185df9cfe4c2cecf60cb091\">\n#top .av-special-heading.av-av_heading-938866310185df9cfe4c2cecf60cb091{\npadding-bottom:10px;\n}\nbody .av-special-heading.av-av_heading-938866310185df9cfe4c2cecf60cb091 .av-special-heading-tag .heading-char{\nfont-size:25px;\n}\n.av-special-heading.av-av_heading-938866310185df9cfe4c2cecf60cb091 .av-subheading{\nfont-size:15px;\n}\n<\/style>\n<div  class='av-special-heading av-av_heading-938866310185df9cfe4c2cecf60cb091 av-special-heading-h3 blockquote modern-quote  avia-builder-el-10  el_before_av_textblock  avia-builder-el-first '><h3 class='av-special-heading-tag '  itemprop=\"headline\"  >Ind\u00fastria aliment\u00e0ria<\/h3><div class=\"special-heading-border\"><div class=\"special-heading-inner-border\"><\/div><\/div><\/div><br \/>\n<section  class='av_textblock_section av-av_textblock-0366cc7376be6c9e82a3e9cc8987b64f '   itemscope=\"itemscope\" itemtype=\"https:\/\/schema.org\/CreativeWork\" ><div class='avia_textblock'  itemprop=\"text\" ><p>El treball en les instal\u00b7lacions en qu\u00e8 es manipulen aliments ha de respectar les normatives de qualitat per assegurar que els productes mantindran intacta la salubritat. Apliquem pintures i revestiments a la ind\u00fastria aliment\u00e0ria cuidant fins al m\u00e9s m\u00ednim detall perqu\u00e8 aix\u00ed sigui.<\/p>\n<\/div><\/section><\/p><\/div>\n<style type=\"text\/css\" data-created_by=\"avia_inline_auto\" id=\"style-css-av-av_one_half-9497bbf8bff73ea4c6992cc17fa9ec36\">\n.flex_column.av-av_one_half-9497bbf8bff73ea4c6992cc17fa9ec36{\nborder-radius:0px 0px 0px 0px;\npadding:0px 0px 0px 0px;\n}\n<\/style>\n<div  class='flex_column av-av_one_half-9497bbf8bff73ea4c6992cc17fa9ec36 av_one_half  avia-builder-el-12  el_after_av_one_third  el_before_av_one_half  first flex_column_div av-zero-column-padding  column-top-margin'     ><p>\n<style type=\"text\/css\" data-created_by=\"avia_inline_auto\" id=\"style-css-av-av_heading-6358be3765116a4e8a1f197cd254ec2c\">\n#top .av-special-heading.av-av_heading-6358be3765116a4e8a1f197cd254ec2c{\npadding-bottom:10px;\n}\nbody .av-special-heading.av-av_heading-6358be3765116a4e8a1f197cd254ec2c .av-special-heading-tag .heading-char{\nfont-size:25px;\n}\n.av-special-heading.av-av_heading-6358be3765116a4e8a1f197cd254ec2c .av-subheading{\nfont-size:15px;\n}\n<\/style>\n<div  class='av-special-heading av-av_heading-6358be3765116a4e8a1f197cd254ec2c av-special-heading-h3 blockquote modern-quote  avia-builder-el-13  el_before_av_textblock  avia-builder-el-first '><h3 class='av-special-heading-tag '  itemprop=\"headline\"  >Log\u00edstica magatzems<\/h3><div class=\"special-heading-border\"><div class=\"special-heading-inner-border\"><\/div><\/div><\/div><br \/>\n<section  class='av_textblock_section av-av_textblock-0366cc7376be6c9e82a3e9cc8987b64f '   itemscope=\"itemscope\" itemtype=\"https:\/\/schema.org\/CreativeWork\" ><div class='avia_textblock'  itemprop=\"text\" ><p>L&#8217;estat de les instal\u00b7lacions en qu\u00e8 s&#8217;emmagatzemen productes per comercialitzar \u00e9s de vital import\u00e0ncia. \u00c9s per aix\u00f2, que apliquem pintures i revestiments per protegir, conservar i decorar els espais log\u00edstics amb materials espec\u00edfics i personal professional.<\/p>\n<\/div><\/section><\/p><\/div>\n<style type=\"text\/css\" data-created_by=\"avia_inline_auto\" id=\"style-css-av-av_one_half-9c1d454dc06f7247226bc4e8f931daae\">\n.flex_column.av-av_one_half-9c1d454dc06f7247226bc4e8f931daae{\nborder-radius:0px 0px 0px 0px;\npadding:0px 0px 0px 0px;\n}\n<\/style>\n<div  class='flex_column av-av_one_half-9c1d454dc06f7247226bc4e8f931daae av_one_half  avia-builder-el-15  el_after_av_one_half  avia-builder-el-last  flex_column_div av-zero-column-padding  column-top-margin'     ><p>\n<style type=\"text\/css\" data-created_by=\"avia_inline_auto\" id=\"style-css-av-av_heading-ab42a21c7547b65d5007d02465de347a\">\n#top .av-special-heading.av-av_heading-ab42a21c7547b65d5007d02465de347a{\npadding-bottom:10px;\n}\nbody .av-special-heading.av-av_heading-ab42a21c7547b65d5007d02465de347a .av-special-heading-tag .heading-char{\nfont-size:25px;\n}\n.av-special-heading.av-av_heading-ab42a21c7547b65d5007d02465de347a .av-subheading{\nfont-size:15px;\n}\n<\/style>\n<div  class='av-special-heading av-av_heading-ab42a21c7547b65d5007d02465de347a av-special-heading-h3 blockquote modern-quote  avia-builder-el-16  el_before_av_textblock  avia-builder-el-first '><h3 class='av-special-heading-tag '  itemprop=\"headline\"  >Manteniment industrial<\/h3><div class=\"special-heading-border\"><div class=\"special-heading-inner-border\"><\/div><\/div><\/div><br \/>\n<section  class='av_textblock_section av-av_textblock-0366cc7376be6c9e82a3e9cc8987b64f '   itemscope=\"itemscope\" itemtype=\"https:\/\/schema.org\/CreativeWork\" ><div class='avia_textblock'  itemprop=\"text\" ><p>Apliquem pintures i revestiments per mantenir les instal\u00b7lacions assegurant la qualitat dels productes i dels processos i escollint els m\u00e9s adequats amb un personal especialitzat en cada cas.<\/p>\n<\/div><\/section><\/p><\/div>\n\n<\/div><\/div><\/div><!-- close content main div --><\/div><div class='av-extra-border-element border-extra-arrow-down'><div class='av-extra-border-outer'><div class='av-extra-border-inner'><\/div><\/div><\/div><\/div>\n<style type=\"text\/css\" data-created_by=\"avia_inline_auto\" id=\"style-css-av-av_section-3948738f367fef94c0521162c2a80e71\">\n.avia-section.av-av_section-3948738f367fef94c0521162c2a80e71{\nbackground-color:#eaeaea;\nbackground-image:unset;\n}\n<\/style>\n<div id='av_section_3'  class='avia-section av-av_section-3948738f367fef94c0521162c2a80e71 main_color avia-section-default avia-border-extra-arrow-down avia-no-border-styling  avia-builder-el-18  el_after_av_section  avia-builder-el-last  avia-bg-style-scroll container_wrap sidebar_right'  ><div class='container av-section-cont-open' ><div class='template-page content  av-content-small alpha units'><div class='post-entry post-entry-type-page post-entry-798'><div class='entry-content-wrapper clearfix'>\n<div  class='flex_column av-av_one_third-2a9015ff38129c418a3f2eafba3e9512 av_one_third  avia-builder-el-19  el_before_av_one_third  avia-builder-el-first  first flex_column_div  '     ><div  class=\"avia-animated-number av-av_animated_numbers-5ab0c340e612e48c0a24dff743b5ccf2 av-force-default-color avia_animate_when_visible  avia-builder-el-20  avia-builder-el-no-sibling  \" data-timer=\"3000\"><strong class=\"heading avia-animated-number-title\"><span class=\"avia-no-number\">M\u00e9s de <\/span><span class=\"avia-single-number __av-single-number\" data-number_format=\"\" data-number=\"20\" data-start_from=\"0\">20<\/span><span class=\"avia-no-number\"> anys<\/span><\/strong><div class=\"avia-animated-number-content\"><p>Experi\u00e8ncia<\/p>\n<\/div><\/div><\/div>\n<style type=\"text\/css\" data-created_by=\"avia_inline_auto\" id=\"style-css-av-av_one_third-0aa7055fe62c3622faec82866afbaeb2\">\n.flex_column.av-av_one_third-0aa7055fe62c3622faec82866afbaeb2{\nborder-radius:0px 0px 0px 0px;\npadding:0px 0px 0px 0px;\n}\n<\/style>\n<div  class='flex_column av-av_one_third-0aa7055fe62c3622faec82866afbaeb2 av_one_third  avia-builder-el-21  el_after_av_one_third  el_before_av_one_third  flex_column_div av-zero-column-padding  '     ><div  class=\"avia-animated-number av-av_animated_numbers-1abb84220a576f3d06a553bbdc9dd9be av-force-default-color avia_animate_when_visible  avia-builder-el-22  avia-builder-el-no-sibling  \" data-timer=\"3000\"><strong class=\"heading avia-animated-number-title\"><span class=\"avia-no-number\">M\u00e9s de <\/span><span class=\"avia-single-number __av-single-number\" data-number_format=\"\" data-number=\"900\" data-start_from=\"0\">900<\/span><\/strong><div class=\"avia-animated-number-content\"><p>Clients<\/p>\n<\/div><\/div><\/div>\n<style type=\"text\/css\" data-created_by=\"avia_inline_auto\" id=\"style-css-av-av_one_third-0aa7055fe62c3622faec82866afbaeb2\">\n.flex_column.av-av_one_third-0aa7055fe62c3622faec82866afbaeb2{\nborder-radius:0px 0px 0px 0px;\npadding:0px 0px 0px 0px;\n}\n<\/style>\n<div  class='flex_column av-av_one_third-0aa7055fe62c3622faec82866afbaeb2 av_one_third  avia-builder-el-23  el_after_av_one_third  avia-builder-el-last  flex_column_div av-zero-column-padding  '     ><div  class=\"avia-animated-number av-av_animated_numbers-91803bc5f5e7e05540970d160469bcbd av-force-default-color avia_animate_when_visible  avia-builder-el-24  avia-builder-el-no-sibling  \" data-timer=\"3000\"><strong class=\"heading avia-animated-number-title\"><span class=\"avia-no-number\">M\u00e9s de <\/span><span class=\"avia-single-number __av-single-number\" data-number_format=\"\" data-number=\"80000\" data-start_from=\"0\">80000<\/span><\/strong><div class=\"avia-animated-number-content\"><p>Hores de feina<\/p>\n<\/div><\/div><\/div><\/div><\/div><\/div><!-- close content main div --><\/div><\/div><div id='after_section_3'  class='main_color av_default_container_wrap container_wrap sidebar_right'  ><div class='container av-section-cont-open' ><div class='template-page content  av-content-small alpha units'><div class='post-entry post-entry-type-page post-entry-798'><div class='entry-content-wrapper clearfix'>\n","protected":false},"excerpt":{"rendered":"","protected":false},"author":2,"featured_media":0,"parent":0,"menu_order":3,"comment_status":"closed","ping_status":"closed","template":"","meta":{"_exactmetrics_skip_tracking":false,"_exactmetrics_sitenote_active":false,"_exactmetrics_sitenote_note":"","_exactmetrics_sitenote_category":0,"footnotes":""},"class_list":["post-798","page","type-page","status-publish","hentry"],"yoast_head":"<!-- This site is optimized with the Yoast SEO plugin v27.3 - https:\/\/yoast.com\/product\/yoast-seo-wordpress\/ -->\n<title>Sectors - Gonzalez Pintores<\/title>\n<meta name=\"robots\" content=\"index, follow, max-snippet:-1, max-image-preview:large, max-video-preview:-1\" \/>\n<link rel=\"canonical\" href=\"https:\/\/gonzalezpintores.com\/ca\/sectors\/\" \/>\n<meta property=\"og:locale\" content=\"ca_ES\" \/>\n<meta property=\"og:type\" content=\"article\" \/>\n<meta property=\"og:title\" content=\"Sectors - Gonzalez Pintores\" \/>\n<meta property=\"og:url\" content=\"https:\/\/gonzalezpintores.com\/ca\/sectors\/\" \/>\n<meta property=\"og:site_name\" content=\"Gonzalez Pintores\" \/>\n<meta property=\"article:modified_time\" content=\"2017-04-07T09:58:20+00:00\" \/>\n<meta name=\"twitter:card\" content=\"summary_large_image\" \/>\n<meta name=\"twitter:label1\" content=\"Temps estimat de lectura\" \/>\n\t<meta name=\"twitter:data1\" content=\"6 minuts\" \/>\n<script type=\"application\/ld+json\" class=\"yoast-schema-graph\">{\"@context\":\"https:\\\/\\\/schema.org\",\"@graph\":[{\"@type\":\"WebPage\",\"@id\":\"https:\\\/\\\/gonzalezpintores.com\\\/ca\\\/sectors\\\/\",\"url\":\"https:\\\/\\\/gonzalezpintores.com\\\/ca\\\/sectors\\\/\",\"name\":\"Sectors - Gonzalez Pintores\",\"isPartOf\":{\"@id\":\"https:\\\/\\\/gonzalezpintores.com\\\/ca\\\/#website\"},\"datePublished\":\"2017-03-24T13:52:03+00:00\",\"dateModified\":\"2017-04-07T09:58:20+00:00\",\"breadcrumb\":{\"@id\":\"https:\\\/\\\/gonzalezpintores.com\\\/ca\\\/sectors\\\/#breadcrumb\"},\"inLanguage\":\"ca\",\"potentialAction\":[{\"@type\":\"ReadAction\",\"target\":[\"https:\\\/\\\/gonzalezpintores.com\\\/ca\\\/sectors\\\/\"]}]},{\"@type\":\"BreadcrumbList\",\"@id\":\"https:\\\/\\\/gonzalezpintores.com\\\/ca\\\/sectors\\\/#breadcrumb\",\"itemListElement\":[{\"@type\":\"ListItem\",\"position\":1,\"name\":\"Portada\",\"item\":\"https:\\\/\\\/gonzalezpintores.com\\\/ca\\\/\"},{\"@type\":\"ListItem\",\"position\":2,\"name\":\"Sectors\"}]},{\"@type\":\"WebSite\",\"@id\":\"https:\\\/\\\/gonzalezpintores.com\\\/ca\\\/#website\",\"url\":\"https:\\\/\\\/gonzalezpintores.com\\\/ca\\\/\",\"name\":\"Gonzalez Pintores\",\"description\":\"Aplicadores de pintura y revestimiento\",\"potentialAction\":[{\"@type\":\"SearchAction\",\"target\":{\"@type\":\"EntryPoint\",\"urlTemplate\":\"https:\\\/\\\/gonzalezpintores.com\\\/ca\\\/?s={search_term_string}\"},\"query-input\":{\"@type\":\"PropertyValueSpecification\",\"valueRequired\":true,\"valueName\":\"search_term_string\"}}],\"inLanguage\":\"ca\"}]}<\/script>\n<!-- \/ Yoast SEO plugin. -->","yoast_head_json":{"title":"Sectors - Gonzalez Pintores","robots":{"index":"index","follow":"follow","max-snippet":"max-snippet:-1","max-image-preview":"max-image-preview:large","max-video-preview":"max-video-preview:-1"},"canonical":"https:\/\/gonzalezpintores.com\/ca\/sectors\/","og_locale":"ca_ES","og_type":"article","og_title":"Sectors - Gonzalez Pintores","og_url":"https:\/\/gonzalezpintores.com\/ca\/sectors\/","og_site_name":"Gonzalez Pintores","article_modified_time":"2017-04-07T09:58:20+00:00","twitter_card":"summary_large_image","twitter_misc":{"Temps estimat de lectura":"6 minuts"},"schema":{"@context":"https:\/\/schema.org","@graph":[{"@type":"WebPage","@id":"https:\/\/gonzalezpintores.com\/ca\/sectors\/","url":"https:\/\/gonzalezpintores.com\/ca\/sectors\/","name":"Sectors - Gonzalez Pintores","isPartOf":{"@id":"https:\/\/gonzalezpintores.com\/ca\/#website"},"datePublished":"2017-03-24T13:52:03+00:00","dateModified":"2017-04-07T09:58:20+00:00","breadcrumb":{"@id":"https:\/\/gonzalezpintores.com\/ca\/sectors\/#breadcrumb"},"inLanguage":"ca","potentialAction":[{"@type":"ReadAction","target":["https:\/\/gonzalezpintores.com\/ca\/sectors\/"]}]},{"@type":"BreadcrumbList","@id":"https:\/\/gonzalezpintores.com\/ca\/sectors\/#breadcrumb","itemListElement":[{"@type":"ListItem","position":1,"name":"Portada","item":"https:\/\/gonzalezpintores.com\/ca\/"},{"@type":"ListItem","position":2,"name":"Sectors"}]},{"@type":"WebSite","@id":"https:\/\/gonzalezpintores.com\/ca\/#website","url":"https:\/\/gonzalezpintores.com\/ca\/","name":"Gonzalez Pintores","description":"Aplicadores de pintura y revestimiento","potentialAction":[{"@type":"SearchAction","target":{"@type":"EntryPoint","urlTemplate":"https:\/\/gonzalezpintores.com\/ca\/?s={search_term_string}"},"query-input":{"@type":"PropertyValueSpecification","valueRequired":true,"valueName":"search_term_string"}}],"inLanguage":"ca"}]}},"_links":{"self":[{"href":"https:\/\/gonzalezpintores.com\/ca\/wp-json\/wp\/v2\/pages\/798","targetHints":{"allow":["GET"]}}],"collection":[{"href":"https:\/\/gonzalezpintores.com\/ca\/wp-json\/wp\/v2\/pages"}],"about":[{"href":"https:\/\/gonzalezpintores.com\/ca\/wp-json\/wp\/v2\/types\/page"}],"author":[{"embeddable":true,"href":"https:\/\/gonzalezpintores.com\/ca\/wp-json\/wp\/v2\/users\/2"}],"replies":[{"embeddable":true,"href":"https:\/\/gonzalezpintores.com\/ca\/wp-json\/wp\/v2\/comments?post=798"}],"version-history":[{"count":0,"href":"https:\/\/gonzalezpintores.com\/ca\/wp-json\/wp\/v2\/pages\/798\/revisions"}],"wp:attachment":[{"href":"https:\/\/gonzalezpintores.com\/ca\/wp-json\/wp\/v2\/media?parent=798"}],"curies":[{"name":"wp","href":"https:\/\/api.w.org\/{rel}","templated":true}]}}